{"id":454,"date":"2025-04-06T01:19:31","date_gmt":"2025-04-05T23:19:31","guid":{"rendered":"https:\/\/acceso.alhambra.com.ai\/?page_id=454"},"modified":"2026-02-13T22:26:56","modified_gmt":"2026-02-13T21:26:56","slug":"inicio","status":"publish","type":"page","link":"https:\/\/acceso.alhambra.com.ai\/lv\/","title":{"rendered":"M\u0101jas"},"content":{"rendered":"<div class=\"datos-login-basico-page datos-login-basico-wrap\">\r\n    <div class=\"datos-login-basico-container\">\r\n        \r\n        <!-- COLUMNA IZQUIERDA: FORMULARIO -->\r\n        <div class=\"datos-login-basico-form-column\">\r\n            <div class=\"datos-login-basico-form-wrapper\">\r\n                \r\n                \r\n                \r\n                <h2 class=\"datos-login-basico-title\">\u00a1Bienvenido!<\/h2>\r\n                \r\n                                <p class=\"datos-login-basico-subtitle\">Inicia sesi\u00f3n para acceder a Alhambra Inteligente<\/p>\r\n                \r\n                \r\n                <form name=\"datos-login-basico-form\" id=\"datos-login-basico-form\" action=\"https:\/\/acceso.alhambra.com.ai\/lv\/\" method=\"post\" class=\"datos-login-basico-form\" data-trp-original-action=\"https:\/\/acceso.alhambra.com.ai\/lv\/\">\r\n                    <input type=\"hidden\" id=\"datos_login_basico_nonce\" name=\"datos_login_basico_nonce\" value=\"47bdf5a797\" \/><input type=\"hidden\" name=\"_wp_http_referer\" value=\"\/lv\/wp-json\/wp\/v2\/pages\/454\" \/>                    <input type=\"hidden\" name=\"datos_login_return_url\" value=\"https:\/\/acceso.alhambra.com.ai\/lv\/\" \/>\r\n\r\n                    <!-- Email -->\r\n                    <div class=\"datos-login-basico-field\">\r\n                        <label for=\"datos-login-user\">Email<\/label>\r\n                        <div class=\"input-wrapper\">\r\n                            <svg class=\"icon\" xmlns=\"http:\/\/www.w3.org\/2000\/svg\" fill=\"none\" viewbox=\"0 0 24 24\" stroke=\"currentColor\">\r\n                                <path stroke-linecap=\"round\" stroke-linejoin=\"round\" stroke-width=\"2\" d=\"M16 12a4 4 0 10-8 0 4 4 0 008 0zm0 0v1.5a2.5 2.5 0 005 0V12a9 9 0 10-9 9m4.5-1.206a8.959 8.959 0 01-4.5 1.207\" \/>\r\n                            <\/svg>\r\n                            <input type=\"text\" \r\n                                   name=\"log\" \r\n                                   id=\"datos-login-user\" \r\n                                   class=\"input\" \r\n                                   value=\"\" \r\n                                   autocomplete=\"username\" \r\n                                   placeholder=\"Introduce tu email\" \r\n                                   required>\r\n                        <\/div>\r\n                    <\/div>\r\n\r\n                    <!-- Password -->\r\n                    <div class=\"datos-login-basico-field\">\r\n                        <label for=\"datos-login-pwd\">Password<\/label>\r\n                        <div class=\"input-wrapper\">\r\n                            <svg class=\"icon\" xmlns=\"http:\/\/www.w3.org\/2000\/svg\" fill=\"none\" viewbox=\"0 0 24 24\" stroke=\"currentColor\">\r\n                                <path stroke-linecap=\"round\" stroke-linejoin=\"round\" stroke-width=\"2\" d=\"M12 15v2m-6 4h12a2 2 0 002-2v-6a2 2 0 00-2-2H6a2 2 0 00-2 2v6a2 2 0 002 2zm10-10V7a4 4 0 00-8 0v4h8z\" \/>\r\n                            <\/svg>\r\n                            <input type=\"password\" \r\n                                   name=\"pwd\" \r\n                                   id=\"datos-login-pwd\" \r\n                                   class=\"input has-toggle\" \r\n                                   value=\"\" \r\n                                   autocomplete=\"current-password\" \r\n                                   placeholder=\"Introduce tu contrase\u00f1a\" \r\n                                   required>\r\n                            <button type=\"button\" class=\"toggle-password\" aria-label=\"Mostrar contrase\u00f1a\">\r\n                                <svg class=\"icon-hide\" xmlns=\"http:\/\/www.w3.org\/2000\/svg\" fill=\"none\" viewbox=\"0 0 24 24\" stroke=\"currentColor\">\r\n                                    <path stroke-linecap=\"round\" stroke-linejoin=\"round\" stroke-width=\"2\" d=\"M15 12a3 3 0 11-6 0 3 3 0 016 0z\" \/>\r\n                                    <path stroke-linecap=\"round\" stroke-linejoin=\"round\" stroke-width=\"2\" d=\"M2.458 12C3.732 7.943 7.523 5 12 5c4.478 0 8.268 2.943 9.542 7-1.274 4.057-5.064 7-9.542 7-4.477 0-8.268-2.943-9.542-7z\" \/>\r\n                                <\/svg>\r\n                                <svg class=\"icon-show\" style=\"display:none;\" xmlns=\"http:\/\/www.w3.org\/2000\/svg\" fill=\"none\" viewbox=\"0 0 24 24\" stroke=\"currentColor\">\r\n                                    <path stroke-linecap=\"round\" stroke-linejoin=\"round\" stroke-width=\"2\" d=\"M13.875 18.825A10.05 10.05 0 0112 19c-4.478 0-8.268-2.943-9.543-7a9.97 9.97 0 011.563-3.029m5.858.908a3 3 0 114.243 4.243M9.878 9.878l4.242 4.242M9.88 9.88l-3.29-3.29m7.532 7.532l3.29 3.29M3 3l3.59 3.59m0 0A9.953 9.953 0 0112 5c4.478 0 8.268 2.943 9.543 7a10.025 10.025 0 01-4.132 5.411m0 0L21 21\" \/>\r\n                                <\/svg>\r\n                            <\/button>\r\n                        <\/div>\r\n                    <\/div>\r\n\r\n                    <!-- Remember + Forgot -->\r\n                    <div class=\"datos-login-basico-row\">\r\n                        <div class=\"datos-login-basico-remember\">\r\n                            <label for=\"datos-login-remember\">\r\n                                <input name=\"rememberme\" type=\"checkbox\" id=\"datos-login-remember\" value=\"forever\">\r\n                                Recordarme                            <\/label>\r\n                        <\/div>\r\n                                                <a href=\"https:\/\/acceso.alhambra.com.ai\/lv\/?mode=forgot\" class=\"datos-login-basico-forgot\">\r\n                            \u00bfHas olvidado tu contrase\u00f1a?                        <\/a>\r\n                                            <\/div>\r\n\r\n                    <!-- Submit -->\r\n                    <div class=\"datos-login-basico-submit\">\r\n                        <button type=\"submit\" name=\"wp-submit\" class=\"button\">Iniciar sesi\u00f3n<\/button>\r\n                    <\/div>\r\n                <input type=\"hidden\" name=\"trp-form-language\" value=\"lv\"\/><\/form>\r\n\r\n                                <div class=\"datos-login-basico-separator\">\r\n                    <span>REGISTRO<\/span>\r\n                <\/div>\r\n\r\n                <div class=\"datos-login-basico-oauth\">\r\n                                        <a href=\"https:\/\/acceso.alhambra.com.ai\/lv\/wp-json\/datos-login\/v1\/google\/auth\" class=\"oauth-button oauth-google\">\r\n                        <svg class=\"icon\" viewbox=\"0 0 24 24\">\r\n                            <path fill=\"#4285F4\" d=\"M22.56 12.25c0-.78-.07-1.53-.2-2.25H12v4.26h5.92c-.26 1.37-1.04 2.53-2.21 3.31v2.77h3.57c2.08-1.92 3.28-4.74 3.28-8.09z\"\/>\r\n                            <path fill=\"#34A853\" d=\"M12 23c2.97 0 5.46-.98 7.28-2.66l-3.57-2.77c-.98.66-2.23 1.06-3.71 1.06-2.86 0-5.29-1.93-6.16-4.53H2.18v2.84C3.99 20.53 7.7 23 12 23z\"\/>\r\n                            <path fill=\"#FBBC05\" d=\"M5.84 14.09c-.22-.66-.35-1.36-.35-2.09s.13-1.43.35-2.09V7.07H2.18C1.43 8.55 1 10.22 1 12s.43 3.45 1.18 4.93l2.85-2.22.81-.62z\"\/>\r\n                            <path fill=\"#EA4335\" d=\"M12 5.38c1.62 0 3.06.56 4.21 1.64l3.15-3.15C17.45 2.09 14.97 1 12 1 7.7 1 3.99 3.47 2.18 7.07l3.66 2.84c.87-2.6 3.3-4.53 6.16-4.53z\"\/>\r\n                        <\/svg>\r\n                        Continuar con Google                    <\/a>\r\n                    \r\n                                        <a href=\"https:\/\/acceso.alhambra.com.ai\/lv\/wp-json\/datos-login\/v1\/apple\/auth\" class=\"oauth-button oauth-apple\">\r\n                        <svg class=\"icon\" viewbox=\"0 0 24 24\" fill=\"currentColor\">\r\n                            <path d=\"M17.05 20.28c-.98.95-2.05.88-3.08.4-1.09-.5-2.08-.48-3.24 0-1.44.62-2.2.44-3.06-.4C2.79 15.25 3.51 7.59 9.05 7.31c1.35.07 2.29.74 3.08.8 1.18-.24 2.31-.93 3.57-.84 1.51.12 2.65.72 3.4 1.8-3.12 1.87-2.38 5.98.48 7.13-.57 1.5-1.31 2.99-2.54 4.09l.01-.01zM12.03 7.25c-.15-2.23 1.66-4.07 3.74-4.25.29 2.58-2.34 4.5-3.74 4.25z\"\/>\r\n                        <\/svg>\r\n                        Continuar con Apple                    <\/a>\r\n                                    <\/div>\r\n                \r\n                                <div class=\"datos-login-basico-footer\">\r\n                    \u00bfNo tienes una cuenta? \r\n                    <a href=\"https:\/\/acceso.alhambra.com.ai\/lv\/?mode=register\">Reg\u00edstrate con tu correo<\/a>\r\n                <\/div>\r\n                \r\n            <\/div>\r\n        <\/div>\r\n\r\n        <!-- COLUMNA DERECHA: PANEL PROMOCIONAL (B\u00e1sico \/ Slider \/ Video) -->\r\n        <div class=\"datos-login-basico-promo-column datos-login-basico-promo-column--video\" style=\"background: linear-gradient(135deg, #000000 0%, #000000dd 100%)\" data-mode=\"video\">\r\n\r\n        <div class=\"datos-login-basico-promo-video-wrap\">\r\n                    <video class=\"datos-login-basico-promo-video-self\" src=\"https:\/\/acceso.alhambra.com.ai\/wp-content\/uploads\/2026\/02\/03.mp4\" autoplay muted loop playsinline><\/video>\r\n                <div class=\"datos-login-basico-promo-video-overlay\" style=\"opacity: 0.4;\"><\/div>\r\n                <div class=\"datos-login-basico-promo-content datos-login-basico-promo-content--bottom datos-login-basico-promo-content--overlay\">\r\n            <div class=\"datos-login-basico-promo-text-slider\" data-interval=\"5\">\r\n                <div class=\"datos-login-basico-promo-text-slider-track\">\r\n                                        <div class=\"datos-login-basico-promo-text-slide is-active\">\r\n                        <h1 class=\"datos-login-basico-promo-title\" style=\"font-size:2.5rem;text-align:left;color:#ffffff;\">\r\n    Descubre la Alhambra Como Nunca Antes<\/h1>\r\n\r\n<div class=\"datos-login-basico-promo-quote\" style=\"font-size:1.125rem;text-align:left;color:#ffffff;\">\r\n    <p>Una experiencia guiada por inteligencia artificial que transforma cada rinc\u00f3n en una historia viva.<\/p>\r\n<\/div>\r\n\r\n                    <\/div>\r\n                                        <div class=\"datos-login-basico-promo-text-slide\">\r\n                        <h1 class=\"datos-login-basico-promo-title\" style=\"font-size:2.5rem;text-align:left;color:#ffffff;\">\r\n    La Historia Cobra Vida en Tus Manos<\/h1>\r\n\r\n<div class=\"datos-login-basico-promo-quote\" style=\"font-size:1.125rem;text-align:left;color:#ffffff;\">\r\n    <p>Explora la Alhambra con tecnolog\u00eda inteligente que adapta la experiencia a tu ritmo, idioma y curiosidad.<\/p>\r\n<\/div>\r\n\r\n                    <\/div>\r\n                                        <div class=\"datos-login-basico-promo-text-slide\">\r\n                        <h1 class=\"datos-login-basico-promo-title\" style=\"font-size:2.5rem;text-align:left;color:#ffffff;\">\r\n    Tu Viaje Inteligente Comienza Aqu\u00ed<\/h1>\r\n\r\n<div class=\"datos-login-basico-promo-quote\" style=\"font-size:1.125rem;text-align:left;color:#ffffff;\">\r\n    <p>Accede a una audiogu\u00eda personalizada que conecta historia, emoci\u00f3n y tecnolog\u00eda en tiempo real.<\/p>\r\n<\/div>\r\n\r\n                    <\/div>\r\n                                    <\/div>\r\n                                <div class=\"datos-login-basico-promo-text-slider-dots\" aria-hidden=\"true\"><\/div>\r\n                            <\/div>\r\n        <\/div>\r\n            <\/div>\r\n\r\n\r\n<\/div>\r\n\r\n    <\/div>\r\n<\/div>\r\n\r\n<script>\r\n(function() {\r\n    \/\/ Toggle password visibility\r\n    var toggleBtn = document.querySelector('.toggle-password');\r\n    if (toggleBtn) {\r\n        toggleBtn.addEventListener('click', function() {\r\n            var input = document.getElementById('datos-login-pwd');\r\n            var iconHide = this.querySelector('.icon-hide');\r\n            var iconShow = this.querySelector('.icon-show');\r\n            \r\n            if (input.type === 'password') {\r\n                input.type = 'text';\r\n                iconHide.style.display = 'none';\r\n                iconShow.style.display = 'block';\r\n            } else {\r\n                input.type = 'password';\r\n                iconHide.style.display = 'block';\r\n                iconShow.style.display = 'none';\r\n            }\r\n        });\r\n    }\r\n})();\r\n<\/script>","protected":false},"excerpt":{"rendered":"","protected":false},"author":1,"featured_media":0,"parent":0,"menu_order":0,"comment_status":"closed","ping_status":"closed","template":"","meta":{"_acf_changed":false,"type":"","auto_type":false,"post":"","stream":"","stream_url":"","waveform_data":[],"duration":0,"bpm":0,"downloadable":false,"download_url":"","purchase_title":"","purchase_url":"","post-count-all":0,"like_count":0,"download_count":0,"editor_note":"","copyright":"","captions":[],"sources":[],"footnotes":""},"acf":[],"_links":{"self":[{"href":"https:\/\/acceso.alhambra.com.ai\/lv\/wp-json\/wp\/v2\/pages\/454"}],"collection":[{"href":"https:\/\/acceso.alhambra.com.ai\/lv\/wp-json\/wp\/v2\/pages"}],"about":[{"href":"https:\/\/acceso.alhambra.com.ai\/lv\/wp-json\/wp\/v2\/types\/page"}],"author":[{"embeddable":true,"href":"https:\/\/acceso.alhambra.com.ai\/lv\/wp-json\/wp\/v2\/users\/1"}],"replies":[{"embeddable":true,"href":"https:\/\/acceso.alhambra.com.ai\/lv\/wp-json\/wp\/v2\/comments?post=454"}],"version-history":[{"count":0,"href":"https:\/\/acceso.alhambra.com.ai\/lv\/wp-json\/wp\/v2\/pages\/454\/revisions"}],"wp:attachment":[{"href":"https:\/\/acceso.alhambra.com.ai\/lv\/wp-json\/wp\/v2\/media?parent=454"}],"curies":[{"name":"wp","href":"https:\/\/api.w.org\/{rel}","templated":true}]}}